{"id":10,"date":"2023-02-08T21:58:37","date_gmt":"2023-02-08T21:58:37","guid":{"rendered":"https:\/\/bestassetrecovery.com\/es\/?page_id=10"},"modified":"2023-07-22T01:58:34","modified_gmt":"2023-07-22T01:58:34","slug":"preguntas-frecuentes","status":"publish","type":"page","link":"https:\/\/bestassetrecovery.com\/es\/preguntas-frecuentes\/","title":{"rendered":"PREGUNTAS FRECUENTES"},"content":{"rendered":"\t\t<div data-elementor-type=\"wp-page\" data-elementor-id=\"10\" class=\"elementor elementor-10\">\n\t\t\t\t\t\t\t\t\t<section class=\"elementor-section elementor-top-section elementor-element elementor-element-1768480 elementor-section-full_width elementor-section-height-default elementor-section-height-default\" data-id=\"1768480\" data-element_type=\"section\">\n\t\t\t\t\t\t<div class=\"elementor-container elementor-column-gap-default\">\n\t\t\t\t\t<div class=\"elementor-column elementor-col-100 elementor-top-column elementor-element elementor-element-a19b198\" data-id=\"a19b198\" data-element_type=\"column\">\n\t\t\t<div class=\"elementor-widget-wrap elementor-element-populated\">\n\t\t\t\t\t\t\t\t<div class=\"elementor-element elementor-element-54319c1 elementor-widget elementor-widget-html\" data-id=\"54319c1\" data-element_type=\"widget\" data-widget_type=\"html.default\">\n\t\t\t\t<div class=\"elementor-widget-container\">\n\t\t\t<!DOCTYPE html>\r\n<html lang=\"en\">\r\n<head>\r\n    <meta charset=\"UTF-8\">\r\n    <meta http-equiv=\"X-UA-Compatible\" content=\"IE=edge\">\r\n    <meta name=\"viewport\" content=\"width=device-width, initial-scale=1.0\">\r\n    <title>FAQ PAGE<\/title>\r\n    <link href=\"https:\/\/fonts.googleapis.com\/css2?family=Work+Sans&display=swap\" rel=\"stylesheet\">\r\n    <link rel=\"stylesheet\" href=\"style.css\">\r\n    <style>\r\n    @import url('https:\/\/fonts.googleapis.com\/css2?family=Montserrat:ital,wght@0,100;0,200;0,300;0,400;0,500;0,600;0,700;0,800;0,900;1,100;1,200;1,300;1,400;1,500;1,600;1,700;1,800;1,900&display=swap');\r\n\t\tbody {\r\n\t\t\tfont-family: 'Montserrat', sans-serif;\r\n\t\t}\r\n\t\t.faq-body{\r\n\t\t\tfont-size:14px;\r\n\t\t}\r\n\t\t.faq-page{\r\n\t\t\tfont-size:18px;\r\n\t\t}\r\n\t\t.faq-cero{\r\n\t\t    font-size: 16px;\r\n\t\t}\r\n        .faq-page{\r\n            \/\/font-size: 15px;\r\n        }\r\n    <\/style>\r\n<\/head>\r\n<body>\r\n    <main>\r\n      <section class=\"faq-container\">\r\n        <div class=\"faq-cero\">Tal vez usted tiene algunas preguntas. Est\u00e1 bien; la mayor\u00eda de la gente lo hace. Por lo tanto, aqu\u00ed le ofrecemos una lista de algunas de las preguntas que la gente nos hace... junto con nuestras respuestas. Si a\u00fan tiene alguna pregunta, no dude en contactarnos (o llamarnos) y estaremos encantados de responderle.<\/div>\r\n        <br>\r\n            <hr class=\"hr-line\">\r\n            <div class=\"faq-one\">\r\n                <!-- faq question -->\r\n                <h1 class=\"faq-page\">\u00bfQu\u00e9 es el excedente?<\/h1>\r\n                <!-- faq answer -->\r\n                <div class=\"faq-body\">\r\n                    <p>Los fondos excedentes o remanentes, llamados en ingl\u00e9s \u201csurplus\u201d, \u201coverages\u201d o \u201cexcess funds\u201d es el dinero sobrante al que tienen derecho los propietarios despu\u00e9s de que sus propiedades pasaron por una ejecuci\u00f3n hipotecaria (foreclosure). El excedente se crea despu\u00e9s de que cierta propiedad se vende en una subasta por m\u00e1s de lo que se debe al banco\/prestamista o al condado.\r\n                    <\/p>\r\n                <\/div>\r\n            <\/div>\r\n            <hr class=\"hr-line\">\r\n            <div class=\"faq-two\">\r\n                <!-- faq question -->\r\n                <h1 class=\"faq-page\">\u00bfC\u00f3mo s\u00e9 que esto no es una estafa y que no se van a quedar con mi dinero?<\/h1>\r\n                <!-- faq answer -->\r\n                <div class=\"faq-body\">\r\n                    <p>Porque no le pediremos NING\u00daN dinero por adelantado. Usted no compartir\u00e1 ning\u00fan detalle de su tarjeta de cr\u00e9dito con nadie de nuestra organizaci\u00f3n. No tendr\u00e1 que darnos su cuenta bancaria ni dinero en efectivo por adelantado. Nosotros corremos con todos los costos asociados con la presentaci\u00f3n del reclamo y la recuperaci\u00f3n de los fondos. Solo nos paga cuando recuperamos con \u00e9xito el dinero. Si no podemos recuperar los fondos, lo cual es poco com\u00fan, entonces no le costar\u00e1 nada. Nos pagar\u00e1 con una parte de los fondos recuperados y el cliente se lleva la mayor parte.<\/p>\r\n                <\/div>\r\n            <\/div>\r\n            <hr class=\"hr-line\">\r\n            <div class=\"faq-three\">\r\n                <!-- faq question -->\r\n                <h1 class=\"faq-page\">\u00bfC\u00f3mo puedo estar seguro de que no se quedar\u00e1 con todos los fondos?<\/h1>\r\n                <!-- faq answer -->\r\n                <div class=\"faq-body\">\r\n                    <p>Porque firmaremos un acuerdo en el que describiremos  todo y que, por supuesto, podr\u00e1 consultar con su abogado antes de firmarlo. En  ese acuerdo, nos aseguramos de cubrir todos los detalles con precisi\u00f3n  (incluido el porcentaje de estos fondos que nos corresponde despu\u00e9s de que los  recuperemos para usted).<\/p>\r\n <\/div>\r\n            <\/div>\r\n            <div class=\"faq-four\">\r\n                <hr class=\"hr-line\">\r\n                <!-- faq question -->\r\n          <h1 class=\"faq-page\">\u00bfPor qu\u00e9 deber\u00eda contratarlos si puedo hacerlo todo yo solo?<\/h1>\r\n                <!-- faq answer -->\r\n                <div class=\"faq-body\">\r\n                    <p>Es cierto que usted puede hacerlo todo solo. Pero es  mucho m\u00e1s f\u00e1cil para usted no gastar su tiempo y dinero en investigar d\u00f3nde  est\u00e1n sus fondos, contactar a todas las personas que necesita para pagar un  abogado, pagar todos los honorarios para obtener documentos de las entidades  gubernamentales, preparar toda la documentaci\u00f3n, formularios y tr\u00e1mites,  conocer las leyes y reglamentos, etc. La gente nos contrata porque tenemos  experiencia y conocimiento en esta industria y porque no hay ning\u00fan riesgo.<\/p>\r\n                <\/div>\r\n            <hr class=\"hr-line\">\r\n            <div class=\"faq-five\">\r\n                <!-- faq question -->\r\n                <h1 class=\"faq-page\">\u00bfQu\u00e9 hace su compa\u00f1\u00eda?\r\n                <\/h1>\r\n                <!-- faq answer -->\r\n                <div class=\"faq-body\">\r\n                    <p>Best Asset Recovery LLC se especializa en localizar y  recuperar excedentes o fondos excedentes que resultan de una venta por  ejecuci\u00f3n hipotecaria. Luego nos comunicamos con el propietario leg\u00edtimo para  ayudarlo a recuperar esos fondos y devolverlos a su bolsillo.<\/p><\/div>\r\n            <\/div>\r\n            <hr class=\"hr-line\">\r\n            <div class=\"faq-six\">\r\n                <!-- faq question -->\r\n                <h1 class=\"faq-page\">\u00bfDe d\u00f3nde viene ese dinero?\r\n                <\/h1>\r\n                <!-- faq answer -->\r\n                <div class=\"faq-body\">\r\n                    <p>Actualmente, el gobierno retiene miles de millones de  d\u00f3lares en m\u00faltiples agencias en cada estado. Las leyes para obtener estos  fondos son diferentes de un estado a otro y pueden ser bastante complicadas y  confusas de entender.<br>\r\n                    Adem\u00e1s, si usted tiene fondos excedentes y no los  reclama en un tiempo espec\u00edfico (que var\u00eda en cada estado), ir\u00e1n directamente  al gobierno y ya no podr\u00e1 cobrarlos.<br>\r\n              Nuestra recomendaci\u00f3n profesional es que, si tiene  fondos excedentes para recolectar, o cree que podr\u00eda hacerlo, \u00a1inicie el  proceso lo antes posible para no perderlos!<\/p><\/div>\r\n          <\/div>\r\n            <hr class=\"hr-line\">\r\n        <div class=\"faq-six\">\r\n                <!-- faq question -->\r\n                <h1 class=\"faq-page\">\u00bfEn qu\u00e9 \u00e1reas del pa\u00eds trabajamos?\r\n                <\/h1>\r\n                <!-- faq answer -->\r\n              <div class=\"faq-body\">\r\n                <p>Regularmente auditamos agencias gubernamentales en  todo el pa\u00eds en busca de fondos excedentes pertenecientes a ciudadanos.                <\/p>\r\n            <\/div>\r\n          <\/div>\r\n            <hr class=\"hr-line\">\r\n        <div class=\"faq-six\">\r\n                <!-- faq question -->\r\n                <h1 class=\"faq-page\">\u00bfC\u00f3mo me encontraron?\r\n                <\/h1>\r\n                <!-- faq answer -->\r\n                <div class=\"faq-body\">\r\n                    <p>Cuando descubrimos fondos excedentes\/remanentes,  utilizamos varios m\u00e9todos de investigaci\u00f3n y p\u00e1ginas de rastreo, as\u00ed como  b\u00fasquedas en Internet, para ubicar al propietario leg\u00edtimo.              <\/p>\r\n          <\/div>\r\n          <\/div>\r\n            <hr class=\"hr-line\">\r\n            <div class=\"faq-six\">\r\n                <!-- faq question -->\r\n                <h1 class=\"faq-page\">\u00bfD\u00f3nde est\u00e1 retenido mi dinero y cu\u00e1nto es?\r\n                <\/h1>\r\n                <!-- faq answer -->\r\n                <div class=\"faq-body\">\r\n                    <p>Dado que no cobramos una tarifa por adelantado,  nuestra pol\u00edtica es no divulgar la ubicaci\u00f3n de los fondos hasta que se firme  un acuerdo. Una vez que se firme nuestro acuerdo de honorarios de contingencia,  con mucho gusto revelaremos la ubicaci\u00f3n de los fondos.<\/p>\r\n                <\/div>\r\n          <\/div>\r\n            <hr class=\"hr-line\">\r\n        <div class=\"faq-six\">\r\n                <!-- faq question -->\r\n                <h1 class=\"faq-page\">\u00bfPor qu\u00e9 necesito usar su compa\u00f1\u00eda para encontrar mi dinero?\r\n                <\/h1>\r\n                <!-- faq answer -->\r\n                <div class=\"faq-body\">\r\n                  <p>Las agencias gubernamentales que tienen los fondos no  los publican en l\u00ednea y no aparecer\u00e1n en una b\u00fasqueda en Internet. Hay sitios  web estatales que publican los fondos no reclamados, pero estos no son los  fondos que hemos descubierto. Si no utiliza un servicio profesional como el  nuestro y trata de encontrarlo usted mismo, existe una peque\u00f1a posibilidad de  que lo encuentre por su cuenta.                <\/p>\r\n            <\/div>\r\n          <\/div>\r\n            <hr class=\"hr-line\">\r\n            <div class=\"faq-six\">\r\n                <!-- faq question -->\r\n                <h1 class=\"faq-page\">\u00bfCu\u00e1nto tiempo toma todo el proceso para recibir el dinero?\r\n                <\/h1>\r\n                <!-- faq answer -->\r\n                <div class=\"faq-body\">\r\n                    <p>Cada agencia gubernamental tiene diferentes  procedimientos y plazos. Seg\u00fan la agencia y el tipo de reclamo, puede tomar tan  solo 10 d\u00edas a partir de la fecha de presentaci\u00f3n para recibir los fondos, o  puede tomar hasta 90 d\u00edas. En algunos casos at\u00edpicos podr\u00eda tomar meses.<\/p>\r\n              <\/div>\r\n          <\/div>\r\n            <hr class=\"hr-line\">\r\n            <div class=\"faq-six\">\r\n                <!-- faq question -->\r\n                <h1 class=\"faq-page\">\u00bfPor qu\u00e9 debo contratar a Best Asset Recovery LLC en lugar de otra empresa?\r\n                <\/h1>\r\n                <!-- faq answer -->\r\n                <div class=\"faq-body\">\r\n                    <p>Como empresa familiar, realmente nos preocupamos por  crear una experiencia perfecta con un resultado positivo. Trabajamos para  obtener el retorno m\u00e1ximo para usted lo m\u00e1s r\u00e1pido posible. Con nosotros, no  tendr\u00e1 que preocuparse por dejar dinero sobre la mesa.<\/p>\r\n<\/div>\r\n          <\/div>\r\n            <hr class=\"hr-line\">\r\n            <div class=\"faq-six\">\r\n                <!-- faq question -->\r\n                <h1 class=\"faq-page\">\u00bfPor qu\u00e9 habr\u00eda fondos adeudados a m\u00ed?\r\n                <\/h1>\r\n                <!-- faq answer -->\r\n                <div class=\"faq-body\">\r\n                    <p>Porque usted ha sido identificado como la parte  apropiada para reclamar estos fondos porque la propiedad que pose\u00eda ha pasado  por una ejecuci\u00f3n hipotecaria o venta de impuestos, o porque usted es heredero  de una propiedad que ha sido subastada.<\/p>\r\n              <\/div>\r\n          <\/div>\r\n            <hr class=\"hr-line\">\r\n            <div class=\"faq-six\">\r\n                <!-- faq question -->\r\n                <h1 class=\"faq-page\">\u00bfQu\u00e9 sucede si el propietario ha fallecido?, \u00bfqui\u00e9n tiene derecho a los fondos excedentes?\r\n                <\/h1>\r\n                <!-- faq answer -->\r\n                <div class=\"faq-body\">\r\n                    <p>Aproximadamente el 20 por ciento de los casos que maneja  Best Asset Recovery se completan en beneficio de los herederos y beneficiarios  de los propietarios fallecidos. Nuestros agentes tienen conocimientos y  experiencia en el manejo exitoso de casos excedentes para herederos del  Destinatario cuando el propietario fallece. Best Asset Recovery LLC ha probado  y establecido formularios y declaraciones juradas que nuestro abogado  presentar\u00e1 para obtener con \u00e9xito los fondos excedentes en beneficio de  nuestros herederos Destinatarios. Si la persona fallecida no tuvo testamento,  sus herederos se definen y pagan seg\u00fan la sucesi\u00f3n intestada.                  <\/p>\r\n              <\/div>\r\n          <\/div>\r\n            <hr class=\"hr-line\">\r\n            <div class=\"faq-six\">\r\n                <!-- faq question -->\r\n                <h1 class=\"faq-page\">Yo no era el due\u00f1o de la propiedad, \u00bfpor qu\u00e9 podr\u00eda reclamar los fondos?\r\n                <\/h1>\r\n                <!-- faq answer -->\r\n                <div class=\"faq-body\">\r\n                    <p>Si usted no era el due\u00f1o de la propiedad, igual ha  sido identificado como heredero de esa persona. Cuando alguien que posee una  propiedad fallece y su propiedad pasa por una ejecuci\u00f3n hipotecaria, los  &quot;herederos&quot; de esa persona son la parte leg\u00edtima para reclamar el  excedente.<br>\r\nA veces es tan simple como la propiedad de un c\u00f3nyuge  o de sus padres. Sin embargo, en algunos estados, si alguien muere sin  testamento, muere &ldquo;intestado&rdquo;, por lo que existe un conjunto predefinido de  reglas sobre qui\u00e9nes son los herederos. Uno de nuestros agentes le explicar\u00e1  exactamente c\u00f3mo tiene derecho a los fondos, \u00a1pero tenga la seguridad de que  somos expertos en esto y lo hemos identificado a usted como la parte correcta! <br>\r\n                  <\/p>\r\n                <\/div>\r\n          <\/div>\r\n            <hr class=\"hr-line\">\r\n            <div class=\"faq-six\">\r\n                <!-- faq question -->\r\n                <h1 class=\"faq-page\">\u00bfPor qu\u00e9 no fui notificado?\r\n                <\/h1>\r\n                <!-- faq answer -->\r\n                <div class=\"faq-body\">\r\n                    <p>Eso depende de d\u00f3nde se guarda el dinero y cu\u00e1nto  tiempo ya ha transcurrido. En muchos casos, Best Asset Recovery LLC intentar\u00e1  ubicar al reclamante cuando el reclamo a\u00fan es nuevo. Esto nos da la cantidad m\u00e1xima de tiempo para hacer el reclamo con \u00e9xito, en otros casos el reclamo puede ser a solo d\u00edas del vencimiento. En cualquiera de los dos casos, lo mejor es  presentar la reclamaci\u00f3n lo antes posible. En muchos casos, las agencias que  poseen los activos tienen requisitos que deben cumplirse antes de que se libere  el dinero. Desafortunadamente, por lo general no se mueven r\u00e1pidamente, por lo  que es mejor comenzar el proceso lo antes posible.<\/p>\r\n              <\/div>\r\n          <\/div>\r\n            <hr class=\"hr-line\">\r\n            <div class=\"faq-six\">\r\n                <!-- faq question -->\r\n                <h1 class=\"faq-page\">\u00bfPor qu\u00e9 necesito que Best Asset Recovery LLC me ayude?\r\n                <\/h1>\r\n                <!-- faq answer -->\r\n                <div class=\"faq-body\">\r\n                  <p>El primer requisito previo para que usted mismo pueda reclamar  el dinero, es que usted sepa d\u00f3nde se encuentra el dinero. No todos los  reclamos son f\u00e1ciles de encontrar. Si tuviera que localizarlo, todav\u00eda hay  buenas razones para que un tercero experimentado realice el reclamo por usted.  Las agencias que poseen los activos a menudo tienen muchos requisitos que deben  cumplirse para probar su derecho a la reclamaci\u00f3n y formatear su solicitud.  Puede resultar dif\u00edcil trabajar con estas agencias para que respondan y retrasan  la entrega de su dinero. Despu\u00e9s de todo, se quedar\u00e1n con el dinero si no sigue  sus reglas y no cumple con sus plazos. Por esta raz\u00f3n, contar con el  experimentado equipo de Best Asset Recovery LLC para ayudarlo a navegar por el  laberinto puede ser una sabia decisi\u00f3n. Best Asset Recovery LLC tambi\u00e9n  contrata abogados para continuar con \u00e9xito su reclamo SIN COSTO PARA USTED.                  <\/p>\r\n                <\/div>\r\n          <\/div>\r\n            <hr class=\"hr-line\">\r\n            <div class=\"faq-six\">\r\n                <!-- faq question -->\r\n                <h1 class=\"faq-page\">Tengo otros grav\u00e1menes o hipotecas sobre mi propiedad, \u00bfpueden reclamar mis fondos?\r\n                <\/h1>\r\n                <!-- faq answer -->\r\n                <div class=\"faq-body\">\r\n                  <p>\u00a1La respuesta es &ldquo;tal vez&rdquo;! Cada caso es diferente en  funci\u00f3n de muchos factores, incluidas las partes que se nombran realmente en la  demanda de la ejecuci\u00f3n hipotecaria. El equipo legal de Best Asset Recovery le  proporcionar\u00e1 una descripci\u00f3n detallada de su caso espec\u00edfico sin costo alguno  para usted. En muchos casos, estos otros grav\u00e1menes e hipotecas no se mencionan  en la demanda de la ejecuci\u00f3n hipotecaria y, por lo tanto, no tienen derecho a  recibir ninguno de los fondos excedentes a los que usted puede tener derecho.<\/p>\r\n                <\/div>\r\n          <\/div>\r\n            <hr class=\"hr-line\">\r\n            <div class=\"faq-six\">\r\n                <!-- faq question -->\r\n                <h1 class=\"faq-page\">\u00bfNecesito comparecer personalmente en la corte?\r\n                <\/h1>\r\n                <!-- faq answer -->\r\n                <div class=\"faq-body\">\r\n                  <p>No. No tiene que ir a la corte; sin embargo, su  asistencia a la audiencia es bienvenida. Despu\u00e9s de que usted firme y devuelva  el acuerdo, nuestro abogado de confianza programar\u00e1 y asistir\u00e1 a todas las  audiencias requeridas en su nombre. Esto ayuda a las personas que est\u00e1n fuera  del estado y del pa\u00eds a recolectar su excedente sin todas las molestias  adicionales. Nuestro servicio y objetivo es hacer que el proceso de reembolso  del excedente de la corte sea f\u00e1cil y sin estr\u00e9s para usted. Nuestros agentes  lo mantendr\u00e1n informado durante todo el proceso.                    <\/p>\r\n                <\/div>\r\n          <\/div>\r\n            <hr class=\"hr-line\">\r\n            <div class=\"faq-six\">\r\n                <!-- faq question -->\r\n                <h1 class=\"faq-page\">Me declar\u00e9 en bancarrota y tengo otras deudas impagas; \u00bfTodav\u00eda puedo reclamar fondos excedentes?\r\n                <\/h1>\r\n                <!-- faq answer -->\r\n                <div class=\"faq-body\">\r\n                  <p>S\u00ed, a\u00fan puede reclamar fondos excedentes. Hemos tenido  muchos casos exitosos que se pagaron incluso despu\u00e9s de que los propietarios se  declararon en bancarrota para retrasar el proceso de ejecuci\u00f3n hipotecaria y  ganar m\u00e1s tiempo en su propiedad. Sin embargo, siempre le aconsejaremos que use  su excedente de dinero para pagar cualquier otra deuda para tener un nuevo  comienzo en sus finanzas.<\/p>\r\n<\/div>\r\n          <\/div>\r\n            <hr class=\"hr-line\">\r\n            <div class=\"faq-six\">\r\n                <!-- faq question -->\r\n                <h1 class=\"faq-page\">\u00bfC\u00f3mo empiezo el proceso de la recuperaci\u00f3n del excedente?\r\n                <\/h1>\r\n                <!-- faq answer -->\r\n                <div class=\"faq-body\">\r\n                  <p>Comun\u00edquese con Best Asset Recovery LLC por tel\u00e9fono o  correo electr\u00f3nico y un representante analizar\u00e1 su reclamo con m\u00e1s detalle y le  enviar\u00e1 la documentaci\u00f3n para que la firme. Una vez que recibamos toda la documentaci\u00f3n,  armaremos su paquete de reclamo y lo presentaremos ante la agencia  correspondiente dentro de las 48 horas. Le mantendremos informado durante todo  el proceso hasta que el dinero est\u00e9 en sus manos.<\/p>\r\n<\/div>\r\n          <\/div>\r\n            <hr class=\"hr-line\">\r\n            <div class=\"faq-six\">\r\n                <!-- faq question -->\r\n                <h1 class=\"faq-page\">* Cuanto m\u00e1s r\u00e1pido env\u00ede el Acuerdo de Best Asset Recovery, m\u00e1s r\u00e1pido podremos comenzar a trabajar para usted. Estamos aqu\u00ed para ayudarle. Comenzar es sencillo.<\/h1>\r\n                <h1 class=\"faq-page\">Estamos aqu\u00ed para ayudarle. Comenzar es sencillo. Si tiene alguna pregunta, nuestro equipo bien capacitado estar\u00e1 encantado de responderla. LL\u00c1MENOS HOY \u2013\u00a0(954)\u00a0439-8114 <\/h1>\r\n                <!-- faq answer -->\r\n          <\/div>\r\n            <hr class=\"hr-line\">\r\n      <\/section>\r\n<\/main>\r\n<script src=\"main.js\"><\/script>\r\n<\/body>\r\n<\/html>\t\t<\/div>\n\t\t\t\t<\/div>\n\t\t\t\t\t<\/div>\n\t\t<\/div>\n\t\t\t\t\t\t\t<\/div>\n\t\t<\/section>\n\t\t\t\t<section class=\"elementor-section elementor-top-section elementor-element elementor-element-3f8b4d7 elementor-section-stretched elementor-section-boxed elementor-section-height-default elementor-section-height-default\" data-id=\"3f8b4d7\" data-element_type=\"section\" data-settings=\"{&quot;stretch_section&quot;:&quot;section-stretched&quot;,&quot;background_background&quot;:&quot;classic&quot;}\">\n\t\t\t\t\t\t<div class=\"elementor-container elementor-column-gap-default\">\n\t\t\t\t\t<div class=\"elementor-column elementor-col-100 elementor-top-column elementor-element elementor-element-267f71c\" data-id=\"267f71c\" data-element_type=\"column\">\n\t\t\t<div class=\"elementor-widget-wrap elementor-element-populated\">\n\t\t\t\t\t\t\t\t<div class=\"elementor-element elementor-element-36fe645 elementor-widget elementor-widget-heading\" data-id=\"36fe645\" data-element_type=\"widget\" data-widget_type=\"heading.default\">\n\t\t\t\t<div class=\"elementor-widget-container\">\n\t\t\t<style>\/*! elementor - v3.7.3 - 29-08-2022 *\/\n.elementor-heading-title{padding:0;margin:0;line-height:1}.elementor-widget-heading .elementor-heading-title[class*=elementor-size-]>a{color:inherit;font-size:inherit;line-height:inherit}.elementor-widget-heading .elementor-heading-title.elementor-size-small{font-size:15px}.elementor-widget-heading .elementor-heading-title.elementor-size-medium{font-size:19px}.elementor-widget-heading .elementor-heading-title.elementor-size-large{font-size:29px}.elementor-widget-heading .elementor-heading-title.elementor-size-xl{font-size:39px}.elementor-widget-heading .elementor-heading-title.elementor-size-xxl{font-size:59px}<\/style><h2 class=\"elementor-heading-title elementor-size-xxl\">\u00bfTodav\u00eda Tiene Preguntas?<\/h2>\t\t<\/div>\n\t\t\t\t<\/div>\n\t\t\t\t<div class=\"elementor-element elementor-element-385c249 elementor-widget elementor-widget-heading\" data-id=\"385c249\" data-element_type=\"widget\" data-widget_type=\"heading.default\">\n\t\t\t\t<div class=\"elementor-widget-container\">\n\t\t\t<h2 class=\"elementor-heading-title elementor-size-medium\"><span style=\"font-weight: 400;\">Si hay algo m\u00e1s que le gustar\u00eda saber, que no se cubri\u00f3 en las Preguntas Frecuentes, nuestro equipo bien capacitado estar\u00e1 encantado de responderlas.\nHaga clic en Contacto en el P\u00e1gina de Inicio y encontrar\u00e1 una manera de comunicarse con nosotros directamente.<\/span><span style=\"font-weight: normal;\">\n<\/span><\/h2>\t\t<\/div>\n\t\t\t\t<\/div>\n\t\t\t\t\t<\/div>\n\t\t<\/div>\n\t\t\t\t\t\t\t<\/div>\n\t\t<\/section>\n\t\t\t\t\t\t\t<\/div>\n\t\t","protected":false},"excerpt":{"rendered":"<p>FAQ PAGE Tal vez usted tiene algunas preguntas. Est\u00e1 bien; la mayor\u00eda de la gente lo hace. Por lo tanto, aqu\u00ed le ofrecemos una lista de algunas de las preguntas que la gente nos hace&#8230; junto con nuestras respuestas. Si a\u00fan tiene alguna pregunta, no dude en contactarnos (o llamarnos) y estaremos encantados de responderle. [&hellip;]<\/p>\n","protected":false},"author":1,"featured_media":0,"parent":0,"menu_order":0,"comment_status":"closed","ping_status":"closed","template":"","meta":[],"_links":{"self":[{"href":"https:\/\/bestassetrecovery.com\/es\/wp-json\/wp\/v2\/pages\/10"}],"collection":[{"href":"https:\/\/bestassetrecovery.com\/es\/wp-json\/wp\/v2\/pages"}],"about":[{"href":"https:\/\/bestassetrecovery.com\/es\/wp-json\/wp\/v2\/types\/page"}],"author":[{"embeddable":true,"href":"https:\/\/bestassetrecovery.com\/es\/wp-json\/wp\/v2\/users\/1"}],"replies":[{"embeddable":true,"href":"https:\/\/bestassetrecovery.com\/es\/wp-json\/wp\/v2\/comments?post=10"}],"version-history":[{"count":52,"href":"https:\/\/bestassetrecovery.com\/es\/wp-json\/wp\/v2\/pages\/10\/revisions"}],"predecessor-version":[{"id":345,"href":"https:\/\/bestassetrecovery.com\/es\/wp-json\/wp\/v2\/pages\/10\/revisions\/345"}],"wp:attachment":[{"href":"https:\/\/bestassetrecovery.com\/es\/wp-json\/wp\/v2\/media?parent=10"}],"curies":[{"name":"wp","href":"https:\/\/api.w.org\/{rel}","templated":true}]}}